{"id":806,"date":"2014-09-27T21:33:31","date_gmt":"2014-09-27T19:33:31","guid":{"rendered":"http:\/\/editionlempfer.de\/?product=limerick-dances"},"modified":"2018-01-29T11:47:54","modified_gmt":"2018-01-29T09:47:54","slug":"limerick-dances","status":"publish","type":"product","link":"http:\/\/www.editionlempfer.de\/?product=limerick-dances","title":{"rendered":"Limerick Dances"},"content":{"rendered":"","protected":false},"excerpt":{"rendered":"<h6><span style=\"color: #808080;\">*Endpreis zzgl. Versandkosten, keine Ausweisung der Mehrwertsteuer gem\u00e4\u00df \u00a7 19 UStG<\/span><\/h6>\n<hr \/>\n<p><strong>Musik:<\/strong>\u00a0Tobias Lempfer<\/p>\n<hr \/>\n<p><em>Irland, Fl\u00f6ten und Trommeln passen einfach gut zusammen. So auch in den Limerick Dances. Im Stil von Lord of the Dance t\u00e4nzeln die Fl\u00f6ten im ersten Teil der Komposition im wiegenden Sechsachteltakt. Im zweiten Teil geht es wild her. Angelehnt an Hornpipes und irische Polka k\u00f6nnen die Musiker alles zeigen, was sie k\u00f6nnen. Dazu imitieren die kleinen Trommeln Stepptanz-Schritte auf dem Rand. Gute Laune ist vorprogrammiert bei diesem mitrei\u00dfenden Werk! Sehr gut f\u00fcr alle Besetzungen geeignet.<\/em><\/p>\n<p><em><strong>SCHWIERIGKEITSGRAD:<\/strong> BDMV <\/em><em>Kategorie 3<\/em><\/p>\n<p><em><strong>DAUER:<\/strong> ca. 4&#8217;10 Minuten<\/em><\/p>\n<hr \/>\n<p>Ein Klangbeispiel dieses Titels darf aus urheberrechtlichen Gr\u00fcnden leider nicht ver\u00f6ffentlich werden. Sie k\u00f6nnen gerne ein Demo unter kontakt [@] editionlempfer.de anfordern.<\/p>\n<ul>\n<li><strong>C-Besetzung:<\/strong> <span style=\"color: #ff0000;\"><em><strong>UPDATE!<\/strong><\/em> <\/span>Piccolo 1\/2, Fl\u00f6te 1\/2\/3, Altfl\u00f6te in G (ad lib.), Bassfl\u00f6te (ad lib.), Kontrabassfl\u00f6te (ad lib.)<\/li>\n<li><strong>C\/B-Besetzung:<\/strong> <span style=\"color: #ff0000;\"><em><strong>UPDATE!<\/strong><\/em><\/span> Piccolo 1\/2, Sopran 1\/2, Fl\u00f6te 1\/2\/3, Altfl\u00f6te in G (ad lib.), Bassfl\u00f6te (ad lib.), Kontrabassfl\u00f6te (ad lib.)<\/li>\n<li><strong>Ces\/Fes-Besetzung:<\/strong> Sopran in Ces Solo\/1\/2, Alt in Fes Solo\/1\/2, Tenor in Ces<\/li>\n<li><strong>B\/Es-Besetzung:<\/strong> Sopran in B Solo71\/2, Alt in Es Solo\/1\/2, Tenor in B<\/li>\n<li><strong>Stabspiele:<\/strong> Glockenspiel, Mallets (Vibraphon &amp; Xylophon) (ad lib.), Marimba (Bass) [2 Spieler+]<\/li>\n<li><strong>Schlagwerk:<\/strong> Pauken (ad lib.), Kleine Trommel, Congas\/Bongos &amp; Kleine Trommel 2 (ad lib.), Toms, Percussion 1 (Beatring &amp; Regenstab), Percussion 2 (Cabasa, Shaker &amp; Wasserfall) (ad lib.), Percussion 3 (Triangel &amp; Chimes) (ad lib.), Becken (sus. Cymbals &amp; Konzertbecken)\/Gro\u00dfe Trommel [5 Spieler+]<\/li>\n<\/ul>\n<p><span style=\"color: #6aa694;\"><em>Anmerkung: Es ist kein Bassmarimba erforderlich. Alle Kompositionen und Arrangements sind f\u00fcr ein Standard-4 \u2153-Oktaven-Marimba geschrieben. Sollten Marimba 1 und Marimba 2 besetzt sein, k\u00f6nnen die Stimmen ebenfalls auf einem 4 \u2153-Oktaven-Instrument gespielt werden.<\/em><\/span><\/p>\n<hr \/>\n<p><a href=\"http:\/\/www.editionlempfer.de\/?product=limerick-dances-partitur\" target=\"_blank\" rel=\"noopener\"> Extra-Partitur<\/a><\/p>\n","protected":false},"featured_media":810,"comment_status":"closed","ping_status":"closed","template":"","meta":[],"product_cat":[22],"product_tag":[],"_links":{"self":[{"href":"http:\/\/www.editionlempfer.de\/index.php?rest_route=\/wp\/v2\/product\/806"}],"collection":[{"href":"http:\/\/www.editionlempfer.de\/index.php?rest_route=\/wp\/v2\/product"}],"about":[{"href":"http:\/\/www.editionlempfer.de\/index.php?rest_route=\/wp\/v2\/types\/product"}],"replies":[{"embeddable":true,"href":"http:\/\/www.editionlempfer.de\/index.php?rest_route=%2Fwp%2Fv2%2Fcomments&post=806"}],"wp:featuredmedia":[{"embeddable":true,"href":"http:\/\/www.editionlempfer.de\/index.php?rest_route=\/wp\/v2\/media\/810"}],"wp:attachment":[{"href":"http:\/\/www.editionlempfer.de\/index.php?rest_route=%2Fwp%2Fv2%2Fmedia&parent=806"}],"wp:term":[{"taxonomy":"product_cat","embeddable":true,"href":"http:\/\/www.editionlempfer.de\/index.php?rest_route=%2Fwp%2Fv2%2Fproduct_cat&post=806"},{"taxonomy":"product_tag","embeddable":true,"href":"http:\/\/www.editionlempfer.de\/index.php?rest_route=%2Fwp%2Fv2%2Fproduct_tag&post=806"}],"curies":[{"name":"wp","href":"https:\/\/api.w.org\/{rel}","templated":true}]}}