{"id":855,"date":"2014-09-29T02:14:16","date_gmt":"2014-09-29T00:14:16","guid":{"rendered":"http:\/\/editionlempfer.de\/?product=glorious"},"modified":"2017-12-19T10:33:21","modified_gmt":"2017-12-19T08:33:21","slug":"glorious","status":"publish","type":"product","link":"http:\/\/www.editionlempfer.de\/?product=glorious","title":{"rendered":"Glorious"},"content":{"rendered":"","protected":false},"excerpt":{"rendered":"<h6><span style=\"color: #808080;\">*Endpreis zzgl. Versandkosten, keine Ausweisung der Mehrwertsteuer gem\u00e4\u00df \u00a7 19 UStG<\/span><\/h6>\n<hr \/>\n<p><strong>Musik:<\/strong>\u00a0Tobias Lempfer<\/p>\n<hr \/>\n<p><strong><em>Komposition f\u00fcr Fl\u00f6tenorchester und Orgel<\/em><\/strong><\/p>\n<p><em> Die Orgel wird h\u00e4ufig als K\u00f6nigin der Instrumente beschriebe, ihr Klang ist pr\u00e4chtig, herrlich, gl\u00e4nzend, unvergleichlich &#8211; eben &#8218;glorious&#8216;. All diese Attribute f\u00e4ngt die Komposition in der Klangkombination aus Fl\u00f6ten, Schlagwerk und Orgel ein. Das Energiegeladene und mitrei\u00dfende Werk ist ein Wechselspiel aus getragenen Chor\u00e4len und mitrei\u00dfender Rock-Beats. So steigt Ihr Orchester zu neuen H\u00f6henfl\u00fcgen auf.<\/em><\/p>\n<p><em> &#8218;Glorious&#8216; kann auch sehr gut ohne Orgel aufgef\u00fchrt werden. Die Komposition ist so angelegt, dass die positive Grundstimmung erhalten bleibt. Alle Orgel-Parts sind mit Stichnoten geschickt auf die Fl\u00f6tenstimmen verteilt, so dass Auff\u00fchrungen auch au\u00dferhalb von Kirchen, z.B. bei Wettbewerben, ohne Klangverlust realisierbar sind.<br \/>\n<\/em><\/p>\n<p><em><strong>SCHWIERIGKEITSGRAD:<\/strong> BDMV <\/em><em>Kategorie 3<\/em><\/p>\n<p><em><strong>DAUER:<\/strong> ca. 7&#8217;00 Minuten<\/em><\/p>\n<hr \/>\n<p>Ein Klangbeispiel dieses Titels darf aus urheberrechtlichen Gr\u00fcnden leider nicht ver\u00f6ffentlich werden. Sie k\u00f6nnen gerne ein Demo unter kontakt [@] editionlempfer.de anfordern.<\/p>\n<hr \/>\n<ul>\n<li><strong>C-Besetzung:<\/strong> Piccolo 1\/2, Fl\u00f6te Solo\/1\/2\/3, Altfl\u00f6te in G (ad lib.), Bassfl\u00f6te (ad lib.), Kontrabassfl\u00f6te (ad lib.)<\/li>\n<li><strong>C\/B-Besetzung<\/strong>: Piccolo 1\/2, Sopran 1\/2, Fl\u00f6te Solo\/1\/2\/3, Altfl\u00f6te in G (ad lib.), Bassfl\u00f6te (ad lib.), Kontrabassfl\u00f6te (ad lib.)<\/li>\n<li><strong>Ces\/Fes-Besetzung:<\/strong> Sopran in Ces 1\/2, Alt in Fes Solo\/1\/2, Tenor in Ces<\/li>\n<li><strong>B\/Es-Besetzung:<\/strong> Sopran in B 1\/2, Alt in Es Solo\/1\/2, Tenor in B<\/li>\n<li><strong>Fl\u00f6tenorchester:<\/strong> Solo-Piccolo, Fl\u00f6te Solo\/1\/2\/3\/4, Altfl\u00f6te in G, Bassfl\u00f6te, Kontrabassfl\u00f6te [Schlagwerk wie oben]<\/li>\n<\/ul>\n<p>&nbsp;<\/p>\n<ul>\n<li><strong>Stabspiele<\/strong>: Glockenspiel, Vibraphon (und R\u00f6hrenglocken ad lib.), Marimba (Bass) [3 Spieler] <em>Die R\u00f6hrenglocken k\u00f6nnen optional auf dem Vibraphon imitiert werden.<\/em><\/li>\n<li><strong>Schlagwerk:<\/strong> Pauken, Kleine Trommel, Bongos, Toms, Percussion (Chimes, Shaker &amp; Beatring), sus. Cymbals &amp; Hi-Hat, , Becken &amp; Regenstab\/Gro\u00dfe Trommel [8 Spieler]<\/li>\n<li><strong>Orgel:<\/strong> Die Orgelstimme liegt f\u00fcr alle Besetzungen bei<\/li>\n<\/ul>\n<p><span style=\"color: #6aa694;\"><em>Anmerkung: Es ist kein Bassmarimba erforderlich. Alle Kompositionen und Arrangements sind f\u00fcr ein Standard-4 \u2153-Oktaven-Marimba geschrieben. Sollten Marimba 1 und Marimba 2 besetzt sein, k\u00f6nnen die Stimmen ebenfalls auf einem 4 \u2153-Oktaven-Instrument gespielt werden.<\/em><\/span><\/p>\n<hr \/>\n<p><a href=\"http:\/\/www.editionlempfer.de\/?product=glorious-partitur\" target=\"_blank\" rel=\"noopener\"> Extra-Partituren<\/a><\/p>\n","protected":false},"featured_media":857,"comment_status":"closed","ping_status":"closed","template":"","meta":[],"product_cat":[22,26,28],"product_tag":[],"_links":{"self":[{"href":"http:\/\/www.editionlempfer.de\/index.php?rest_route=\/wp\/v2\/product\/855"}],"collection":[{"href":"http:\/\/www.editionlempfer.de\/index.php?rest_route=\/wp\/v2\/product"}],"about":[{"href":"http:\/\/www.editionlempfer.de\/index.php?rest_route=\/wp\/v2\/types\/product"}],"replies":[{"embeddable":true,"href":"http:\/\/www.editionlempfer.de\/index.php?rest_route=%2Fwp%2Fv2%2Fcomments&post=855"}],"wp:featuredmedia":[{"embeddable":true,"href":"http:\/\/www.editionlempfer.de\/index.php?rest_route=\/wp\/v2\/media\/857"}],"wp:attachment":[{"href":"http:\/\/www.editionlempfer.de\/index.php?rest_route=%2Fwp%2Fv2%2Fmedia&parent=855"}],"wp:term":[{"taxonomy":"product_cat","embeddable":true,"href":"http:\/\/www.editionlempfer.de\/index.php?rest_route=%2Fwp%2Fv2%2Fproduct_cat&post=855"},{"taxonomy":"product_tag","embeddable":true,"href":"http:\/\/www.editionlempfer.de\/index.php?rest_route=%2Fwp%2Fv2%2Fproduct_tag&post=855"}],"curies":[{"name":"wp","href":"https:\/\/api.w.org\/{rel}","templated":true}]}}