{"id":937,"date":"2014-10-02T13:36:18","date_gmt":"2014-10-02T11:36:18","guid":{"rendered":"http:\/\/www.editionlempfer.de\/?product=silver-moon"},"modified":"2016-11-17T12:41:54","modified_gmt":"2016-11-17T10:41:54","slug":"silver-moon","status":"publish","type":"product","link":"http:\/\/www.editionlempfer.de\/?product=silver-moon","title":{"rendered":"Silver Moon"},"content":{"rendered":"","protected":false},"excerpt":{"rendered":"<h6><span style=\"color: #808080;\">*Endpreis zzgl. Versandkosten, keine Ausweisung der Mehrwertsteuer gem\u00e4\u00df \u00a7 19 UStG<\/span><\/h6>\n<hr \/>\n<p><strong>Musik:<\/strong>\u00a0Tobias Lempfer<\/p>\n<hr \/>\n<p><em>&#8218;Silver Moon&#8216; ist das Sequel zum Erfolgsst\u00fcck &#8218;Golden Sun&#8216;. Viele Synkopen, ein Groove, der die H\u00fcften mitschwingen l\u00e4sst und ein spannendes Schlagwerk-Solo. Sehr leicht zum auswendig lernen. Die gute Laune beim n\u00e4chsten Festumzug ist garantiert!<\/em><\/p>\n<p><em><strong>SCHWIERIGKEITSGRAD:<\/strong> BDMV <\/em><em>Kategorie 3\u00a0<\/em><\/p>\n<p><em><strong>DAUER:<\/strong> ca. 2&#8217;20 Minuten<\/em><\/p>\n<hr \/>\n<p>Ein Klangbeispiel dieses Titels darf aus urheberrechtlichen Gr\u00fcnden leider nicht ver\u00f6ffentlich werden. Sie k\u00f6nnen gerne ein Demo unter kontakt [@] editionlempfer.de anfordern.<\/p>\n<hr \/>\n<ul>\n<li><strong>C-Besetzung:<\/strong> Piccolo 1\/2, Fl\u00f6te 1\/2, Altfl\u00f6te in G (ad lib.), Bassfl\u00f6te (ad lib.)<\/li>\n<li><strong>C\/B-Besetzung<\/strong>: Piccolo 1\/2, Sopran 1\/2, Fl\u00f6te 1\/2, Altfl\u00f6te in G (ad lib.), Bassfl\u00f6te (ad lib.)<\/li>\n<li><strong>Ces\/Fes-Besetzung:<\/strong> Sopran in Ces 1\/2, Alt in Fes , Tenor in Ces<\/li>\n<li><strong>B\/Es-Besetzung:<\/strong> Sopran in B 1\/2, Alt in Es, Tenor in B<\/li>\n<li><strong>Stabspiele<\/strong>: Glockenspiel, Xylophon (ad lib.), Marimba (Bass) (ad lib.) [1 Spieler+]<\/li>\n<li><strong>Schlagwerk:<\/strong> Pauken (ad lib.), Kleine Trommel mit Mini-Hi-Hat, Bongos, Toms, Shaker (ad lib.), Beatring (ad lib.), Becken\/Gro\u00dfe Trommel [5 Spieler+]<\/li>\n<\/ul>\n<p><span style=\"color: #6aa694;\"><em>Anmerkung: Es ist kein Bassmarimba erforderlich. Alle Kompositionen und Arrangements sind f\u00fcr ein Standard-4 \u2153-Oktaven-Marimba geschrieben. Sollten Marimba 1 und Marimba 2 besetzt sein, k\u00f6nnen die Stimmen ebenfalls auf einem 4 \u2153-Oktaven-Instrument gespielt werden.<\/em><\/span><\/p>\n<hr \/>\n<p><a href=\"http:\/\/www.editionlempfer.de\/?product=silver-moon-partitur\" target=\"_blank\"> Extra-Partituren<\/a><\/p>\n","protected":false},"featured_media":2114,"comment_status":"closed","ping_status":"closed","template":"","meta":[],"product_cat":[22,21],"product_tag":[],"_links":{"self":[{"href":"http:\/\/www.editionlempfer.de\/index.php?rest_route=\/wp\/v2\/product\/937"}],"collection":[{"href":"http:\/\/www.editionlempfer.de\/index.php?rest_route=\/wp\/v2\/product"}],"about":[{"href":"http:\/\/www.editionlempfer.de\/index.php?rest_route=\/wp\/v2\/types\/product"}],"replies":[{"embeddable":true,"href":"http:\/\/www.editionlempfer.de\/index.php?rest_route=%2Fwp%2Fv2%2Fcomments&post=937"}],"wp:featuredmedia":[{"embeddable":true,"href":"http:\/\/www.editionlempfer.de\/index.php?rest_route=\/wp\/v2\/media\/2114"}],"wp:attachment":[{"href":"http:\/\/www.editionlempfer.de\/index.php?rest_route=%2Fwp%2Fv2%2Fmedia&parent=937"}],"wp:term":[{"taxonomy":"product_cat","embeddable":true,"href":"http:\/\/www.editionlempfer.de\/index.php?rest_route=%2Fwp%2Fv2%2Fproduct_cat&post=937"},{"taxonomy":"product_tag","embeddable":true,"href":"http:\/\/www.editionlempfer.de\/index.php?rest_route=%2Fwp%2Fv2%2Fproduct_tag&post=937"}],"curies":[{"name":"wp","href":"https:\/\/api.w.org\/{rel}","templated":true}]}}