{"id":947,"date":"2014-10-03T16:19:16","date_gmt":"2014-10-03T14:19:16","guid":{"rendered":"http:\/\/www.editionlempfer.de\/?product=tapfer-und-kuehn"},"modified":"2016-11-17T12:41:51","modified_gmt":"2016-11-17T10:41:51","slug":"tapfer-und-kuehn","status":"publish","type":"product","link":"http:\/\/www.editionlempfer.de\/?product=tapfer-und-kuehn","title":{"rendered":"Tapfer und K\u00fchn"},"content":{"rendered":"","protected":false},"excerpt":{"rendered":"<h6><span style=\"color: #808080;\">*Endpreis zzgl. Versandkosten, keine Ausweisung der Mehrwertsteuer gem\u00e4\u00df \u00a7 19 UStG<\/span><\/h6>\n<hr \/>\n<p><strong>Musik:<\/strong>\u00a0Tobias Lempfer<\/p>\n<hr \/>\n<p><em>Tapfer &amp; K\u00fchn &#8211; wie die Ritter der Tafelrunde. Das Werk mit den drei S\u00e4tzen &#8222;Stolz, Ehre, Ruhm&#8220;, &#8222;Gef\u00fchl, Verstand, St\u00e4rke&#8220; und &#8222;Mut, Ausdauer, Energie&#8220; beschreibt Charaktereigenschaften der edlen Ritter rund um den Sagenk\u00f6nig Arthus. Mittelalterliche Harmonik gepaart mit effektvollem Schlagwerk und sch\u00f6nen Melodien zeichnen dieses Werk aus. Das Werk ist sowohl f\u00fcr Konzert als auch f\u00fcr Wertungsspiel geeignet. Die eher kleine Besetzung und die M\u00f6glichkeit, Effektstimmen auszulassen, macht das Werk auch f\u00fcr kleinere Ensembles sehr interessant und erlaubt eine eindrucksvolle Interpretation.<\/em><\/p>\n<p><em><strong>Schwierigkeitsgrad: BDMV Kategorie 3 <\/strong>(Neue Einstufung 2015)<\/em><\/p>\n<p><em><strong>DAUER:<\/strong> ca. 6&#8217;00 Minuten<\/em><\/p>\n<hr \/>\n<p>Ein Klangbeispiel dieses Titels darf aus urheberrechtlichen Gr\u00fcnden leider nicht ver\u00f6ffentlich werden. Sie k\u00f6nnen gerne ein Demo unter kontakt [@] editionlempfer.de anfordern.<\/p>\n<hr \/>\n<ul>\n<li><strong>C-Besetzung:<\/strong> Piccolo 1\/2, Fl\u00f6te 1\/2, Altfl\u00f6te in G (ad lib.), Bassfl\u00f6te (ad lib.)<\/li>\n<li><strong>C\/B-Besetzung<\/strong>: Piccolo 1\/2, Sopran 1\/2, Fl\u00f6te 1\/2, Altfl\u00f6te in G (ad lib.), Bassfl\u00f6te (ad lib.)<\/li>\n<li><strong>Ces\/Fes-Besetzung:<\/strong> Sopran in Ces 1\/2, Alt in Fes, Tenor in Ces<\/li>\n<li><strong>B\/Es-Besetzung:<\/strong> Sopran in B 1\/2, Alt in Es, Tenor in B<\/li>\n<li><strong>Stabspiele<\/strong>: Glockenspiel, Xylophon (ad lib.), Marimba (Bass) [2 Spieler+]<\/li>\n<li><strong>Schlagwerk:<\/strong> Pauken (ad lib.), Kleine Trommel, Tenortrommel (ad lib.), Tambourin, sus. Cymbals (ad lib.), Becken &amp; Triangel, Gro\u00dfe Trommel [4 Spieler+]<\/li>\n<\/ul>\n<p><span style=\"color: #6aa694;\"><em>Anmerkung: Es ist kein Bassmarimba erforderlich. Alle Kompositionen und Arrangements sind f\u00fcr ein Standard-4 \u2153-Oktaven-Marimba geschrieben. Sollten Marimba 1 und Marimba 2 besetzt sein, k\u00f6nnen die Stimmen ebenfalls auf einem 4 \u2153-Oktaven-Instrument gespielt werden.<\/em><\/span><\/p>\n<hr \/>\n<p><a href=\"http:\/\/www.editionlempfer.de\/?product=tapfer-und-kuehn-partitur\" target=\"_blank\"> Extra-Partituren<\/a><\/p>\n","protected":false},"featured_media":949,"comment_status":"closed","ping_status":"closed","template":"","meta":[],"product_cat":[22],"product_tag":[],"_links":{"self":[{"href":"http:\/\/www.editionlempfer.de\/index.php?rest_route=\/wp\/v2\/product\/947"}],"collection":[{"href":"http:\/\/www.editionlempfer.de\/index.php?rest_route=\/wp\/v2\/product"}],"about":[{"href":"http:\/\/www.editionlempfer.de\/index.php?rest_route=\/wp\/v2\/types\/product"}],"replies":[{"embeddable":true,"href":"http:\/\/www.editionlempfer.de\/index.php?rest_route=%2Fwp%2Fv2%2Fcomments&post=947"}],"wp:featuredmedia":[{"embeddable":true,"href":"http:\/\/www.editionlempfer.de\/index.php?rest_route=\/wp\/v2\/media\/949"}],"wp:attachment":[{"href":"http:\/\/www.editionlempfer.de\/index.php?rest_route=%2Fwp%2Fv2%2Fmedia&parent=947"}],"wp:term":[{"taxonomy":"product_cat","embeddable":true,"href":"http:\/\/www.editionlempfer.de\/index.php?rest_route=%2Fwp%2Fv2%2Fproduct_cat&post=947"},{"taxonomy":"product_tag","embeddable":true,"href":"http:\/\/www.editionlempfer.de\/index.php?rest_route=%2Fwp%2Fv2%2Fproduct_tag&post=947"}],"curies":[{"name":"wp","href":"https:\/\/api.w.org\/{rel}","templated":true}]}}