{"id":961,"date":"2014-10-05T16:37:44","date_gmt":"2014-10-05T14:37:44","guid":{"rendered":"http:\/\/www.editionlempfer.de\/?product=advance"},"modified":"2018-02-27T09:43:04","modified_gmt":"2018-02-27T07:43:04","slug":"advance","status":"publish","type":"product","link":"http:\/\/www.editionlempfer.de\/?product=advance","title":{"rendered":"Advance"},"content":{"rendered":"","protected":false},"excerpt":{"rendered":"<h6><span style=\"color: #808080;\">*Endpreis zzgl. Versandkosten, keine Ausweisung der Mehrwertsteuer gem\u00e4\u00df \u00a7 19 UStG<\/span><\/h6>\n<hr \/>\n<p><strong>Musik:<\/strong> Harold Bennett<strong><br \/>\n<\/strong><\/p>\n<p><strong>Arrangement: <\/strong>Tobias Lempfer<\/p>\n<hr \/>\n<p><em>&#8218;Advance&#8216; ist ein Marsch aus der Feder Harlod Bennetts, dem Komponisten des bekannten &#8218;Military Escort&#8216;. Wie alle kleinen M\u00e4rsche von Bennett besticht auch &#8218;Advance&#8216; durch einpr\u00e4gsame Melodien, klare Strukturen und ein belebtes, voranschreitendes Gef\u00fchl. Perfekt f\u00fcr die Stra\u00dfe, das Zeltfest und f\u00fcr viele andere Situationen. In allen Besetzungen sehr gut spielbar und leicht auswendig zu lernen.<\/em><\/p>\n<p><em><strong>SCHWIERIGKEITSGRAD:<\/strong> Kategorie 1-2\u00a0<\/em><\/p>\n<hr \/>\n<p>Ein Klangbeispiel dieses Titel das aus urheberrechtlichen Gr\u00fcnden leider nicht ver\u00f6ffentlich werden. Sie k\u00f6nnen gerne ein Demo unter kontakt [@] editionlempfer.de anfordern.<\/p>\n<hr \/>\n<ul>\n<li><strong>C-Besetzung:<\/strong> Piccolo 1\/2, Fl\u00f6te 1\/2, Altfl\u00f6te in G (ad lib.), Bassfl\u00f6te (ad lib.), Kontrabassfl\u00f6te (ad lib.)<\/li>\n<li><strong>C\/B-Besetzung<\/strong>: Piccolo 1\/2, Sopran 1\/2, Fl\u00f6te 1\/2, Altfl\u00f6te in G (ad lib.), Bassfl\u00f6te (ad lib.), Kontrabassfl\u00f6te (ad lib.)<\/li>\n<li><strong>Ces\/Fes-Besetzung:<\/strong> Sopran in Ces 1\/2, Alt in Fes, Tenor in Ces<\/li>\n<li><strong>B\/Es-Besetzung:<\/strong> Sopran in B 1\/2, Alt in Es, Tenor in B<\/li>\n<li><strong>Stabspiele<\/strong>: Glockenspiel, Marimba (Bass) (ad lib.) [1 Spieler+]<\/li>\n<li><strong>Schlagwerk:<\/strong> Pauken (ad lib.), Kleine Trommel &amp; Triangel, Becken\/Gro\u00dfe Trommel [3 Spieler+]<\/li>\n<\/ul>\n<p><span style=\"color: #6aa694;\"><em>Anmerkung: Es ist kein Bassmarimba erforderlich. Alle Kompositionen und Arrangements sind f\u00fcr ein Standard-4 \u2153-Oktaven-Marimba geschrieben. Sollten Marimba 1 und Marimba 2 besetzt sein, k\u00f6nnen die Stimmen ebenfalls auf einem 4 \u2153-Oktaven-Instrument gespielt werden.<\/em><\/span><\/p>\n<hr \/>\n<p><a href=\"http:\/\/www.editionlempfer.de\/?product=advance-partitur\" target=\"_blank\" rel=\"noopener\">Extra-Partituren<\/a><\/p>\n","protected":false},"featured_media":963,"comment_status":"closed","ping_status":"closed","template":"","meta":[],"product_cat":[21],"product_tag":[],"_links":{"self":[{"href":"http:\/\/www.editionlempfer.de\/index.php?rest_route=\/wp\/v2\/product\/961"}],"collection":[{"href":"http:\/\/www.editionlempfer.de\/index.php?rest_route=\/wp\/v2\/product"}],"about":[{"href":"http:\/\/www.editionlempfer.de\/index.php?rest_route=\/wp\/v2\/types\/product"}],"replies":[{"embeddable":true,"href":"http:\/\/www.editionlempfer.de\/index.php?rest_route=%2Fwp%2Fv2%2Fcomments&post=961"}],"wp:featuredmedia":[{"embeddable":true,"href":"http:\/\/www.editionlempfer.de\/index.php?rest_route=\/wp\/v2\/media\/963"}],"wp:attachment":[{"href":"http:\/\/www.editionlempfer.de\/index.php?rest_route=%2Fwp%2Fv2%2Fmedia&parent=961"}],"wp:term":[{"taxonomy":"product_cat","embeddable":true,"href":"http:\/\/www.editionlempfer.de\/index.php?rest_route=%2Fwp%2Fv2%2Fproduct_cat&post=961"},{"taxonomy":"product_tag","embeddable":true,"href":"http:\/\/www.editionlempfer.de\/index.php?rest_route=%2Fwp%2Fv2%2Fproduct_tag&post=961"}],"curies":[{"name":"wp","href":"https:\/\/api.w.org\/{rel}","templated":true}]}}