{"id":974,"date":"2014-10-05T18:59:21","date_gmt":"2014-10-05T16:59:21","guid":{"rendered":"http:\/\/www.editionlempfer.de\/?product=the-washington-post"},"modified":"2016-11-17T12:41:45","modified_gmt":"2016-11-17T10:41:45","slug":"the-washington-post","status":"publish","type":"product","link":"http:\/\/www.editionlempfer.de\/?product=the-washington-post","title":{"rendered":"The Washington Post"},"content":{"rendered":"","protected":false},"excerpt":{"rendered":"<h6><span style=\"color: #808080;\">*Endpreis zzgl. Versandkosten, keine Ausweisung der Mehrwertsteuer gem\u00e4\u00df \u00a7 19 UStG<\/span><\/h6>\n<hr \/>\n<p><strong>Musik:<\/strong> John Philip Sousa<strong><br \/>\n<\/strong><\/p>\n<p><strong>Arrangement: <\/strong>Tobias Lempfer<\/p>\n<hr \/>\n<p><em>John Philip Sousa wurde von der Tageszeitung &#8222;The Washington Post&#8220; beauftragt, einen Marsch f\u00fcr eine Zeremonie zu komponieren. Dieser ist nun seit \u00fcber 100 Jahren einer der beliebtesten M\u00e4rsche der Welt. Das Arrangement ist f\u00fcr konzertante Auff\u00fchrungen gedacht.<\/em><\/p>\n<p><em><strong>SCHWIERIGKEITSGRAD:<\/strong> BDMV <\/em><em>Kategorie <\/em>3<\/p>\n<p><em><strong>DAUER:<\/strong> ca. 2&#8217;25 Minuten<\/em><\/p>\n<hr \/>\n<ul>\n<li><strong>C-Besetzung:<\/strong> Piccolo 1\/2, Fl\u00f6te 1\/2\/3, Altfl\u00f6te in G (ad lib.), Bassfl\u00f6te (ad lib.), Kontrabassfl\u00f6te (ad lib.)<\/li>\n<li><strong>C\/B-Besetzung<\/strong>: Piccolo 1\/2, Sopran 1\/2, Fl\u00f6te 1\/2\/3, Altfl\u00f6te in G (ad lib.), Bassfl\u00f6te (ad lib.), Kontrabassfl\u00f6te (ad lib.)<\/li>\n<li><strong>Ces\/Fes-Besetzung:<\/strong> Sopran in Ces 1\/2, Alt in Fes 1\/2, Tenor in Ces<\/li>\n<li><strong>B\/Es-Besetzung:<\/strong> Sopran in B 1\/2, Alt in Es 1\/2, Tenor in B<\/li>\n<li><strong>Stabspiele<\/strong>: Glockenspiel, Marimba (Bass) [3 Spieler]<\/li>\n<li><strong>Schlagwerk:<\/strong> Pauken (ad lib.), Kleine Trommel, Kleine Trommel off (ad lib.) Becken\/Gro\u00dfe Trommel [3 Spieler+]<\/li>\n<\/ul>\n<p><span style=\"color: #6aa694;\"><em>Anmerkung: Es ist kein Bassmarimba erforderlich. Alle Kompositionen und Arrangements sind f\u00fcr ein Standard-4 \u2153-Oktaven-Marimba geschrieben. Sollten Marimba 1 und Marimba 2 besetzt sein, k\u00f6nnen die Stimmen ebenfalls auf einem 4 \u2153-Oktaven-Instrument gespielt werden.<\/em><\/span><\/p>\n<hr \/>\n<p><a href=\"http:\/\/www.editionlempfer.de\/?product=the-washington-post-partitur\" target=\"_blank\"> Extra-Partituren<\/a><\/p>\n","protected":false},"featured_media":976,"comment_status":"closed","ping_status":"closed","template":"","meta":[],"product_cat":[21],"product_tag":[],"_links":{"self":[{"href":"http:\/\/www.editionlempfer.de\/index.php?rest_route=\/wp\/v2\/product\/974"}],"collection":[{"href":"http:\/\/www.editionlempfer.de\/index.php?rest_route=\/wp\/v2\/product"}],"about":[{"href":"http:\/\/www.editionlempfer.de\/index.php?rest_route=\/wp\/v2\/types\/product"}],"replies":[{"embeddable":true,"href":"http:\/\/www.editionlempfer.de\/index.php?rest_route=%2Fwp%2Fv2%2Fcomments&post=974"}],"wp:featuredmedia":[{"embeddable":true,"href":"http:\/\/www.editionlempfer.de\/index.php?rest_route=\/wp\/v2\/media\/976"}],"wp:attachment":[{"href":"http:\/\/www.editionlempfer.de\/index.php?rest_route=%2Fwp%2Fv2%2Fmedia&parent=974"}],"wp:term":[{"taxonomy":"product_cat","embeddable":true,"href":"http:\/\/www.editionlempfer.de\/index.php?rest_route=%2Fwp%2Fv2%2Fproduct_cat&post=974"},{"taxonomy":"product_tag","embeddable":true,"href":"http:\/\/www.editionlempfer.de\/index.php?rest_route=%2Fwp%2Fv2%2Fproduct_tag&post=974"}],"curies":[{"name":"wp","href":"https:\/\/api.w.org\/{rel}","templated":true}]}}