{"id":983,"date":"2014-10-06T02:07:52","date_gmt":"2014-10-06T00:07:52","guid":{"rendered":"http:\/\/www.editionlempfer.de\/?product=ireland-green"},"modified":"2016-11-17T12:39:57","modified_gmt":"2016-11-17T10:39:57","slug":"ireland-green","status":"publish","type":"product","link":"http:\/\/www.editionlempfer.de\/?product=ireland-green","title":{"rendered":"Ireland Green"},"content":{"rendered":"","protected":false},"excerpt":{"rendered":"<h6><span style=\"color: #808080;\">*Endpreis zzgl. Versandkosten, keine Ausweisung der Mehrwertsteuer gem\u00e4\u00df \u00a7 19 UStG<\/span><\/h6>\n<hr \/>\n<p><strong>Musik:<\/strong> traditionell<strong><br \/>\n<\/strong><\/p>\n<p><strong>Arrangement: <\/strong>Tobias Lempfer<\/p>\n<hr \/>\n<p><em>Ireland Green ist ein Medley der traditionellen irischen M\u00e4rsche &#8222;Farewell to Limerick&#8220; und &#8222;The Boys of Wexford&#8220;. Gedacht ist Irish Green als Stra\u00dfenmarsch, er ist sehr leicht auswendig zu lernen und auch mit wenigen Musikern auff\u00fchrbar. Ireland Green ist sogar ohne Fl\u00f6te 1\/2 (Alt\/Tenor) spielbar. Eine Bereicherung f\u00fcr jeden Umzug!<\/em><\/p>\n<p><em><strong>SCHWIERIGKEITSGRAD:<\/strong> Kategorie 1-2\u00a0<\/em><\/p>\n<p>&nbsp;<\/p>\n<p><strong><a href=\"http:\/\/www.editionlempfer.de\/wp-content\/uploads\/2014\/10\/Ireland-Green-Demo.mp3\">Ireland Green Demo<\/a><\/strong><\/p>\n<p>&nbsp;<\/p>\n<hr \/>\n<ul>\n<li><strong>C-Besetzung:<\/strong> Piccolo 1\/2, Fl\u00f6te 1\/2, Altfl\u00f6te in G (ad lib.), Bassfl\u00f6te (ad lib.)<\/li>\n<li><strong>C\/B-Besetzung<\/strong>: Piccolo 1\/2, Sopran 1\/2, Fl\u00f6te 1\/2, Altfl\u00f6te in G (ad lib.), Bassfl\u00f6te (ad lib.)<\/li>\n<li><strong>Ces\/Fes-Ces-Ces\/Fes-Besetzung:<\/strong> Sopran in Ces 1\/2, Alt in Fes, Tenor in Ces<\/li>\n<li><strong>B\/Es-Besetzung:<\/strong> Sopran in B 1\/2, Alt in Es, Tenor in B<\/li>\n<li><strong>Stabspiele<\/strong>: Glockenspiel, Marimba (Bass) (ad lib.) [1 Spieler+]<\/li>\n<li><strong>Schlagwerk:<\/strong> Pauken (ad lib.), Kleine Trommel, Kleine Trommel off (ad lib.), Toms (ad lib.), Becken\/Gro\u00dfe Trommel [3 Spieler+]<\/li>\n<\/ul>\n<p><span style=\"color: #6aa694;\"><em>Anmerkung: Es ist kein Bassmarimba erforderlich. Alle Kompositionen und Arrangements sind f\u00fcr ein Standard-4 \u2153-Oktaven-Marimba geschrieben. Sollten Marimba 1 und Marimba 2 besetzt sein, k\u00f6nnen die Stimmen ebenfalls auf einem 4 \u2153-Oktaven-Instrument gespielt werden.<\/em><\/span><\/p>\n<hr \/>\n<p>&nbsp;<\/p>\n","protected":false},"featured_media":993,"comment_status":"closed","ping_status":"closed","template":"","meta":[],"product_cat":[21],"product_tag":[],"_links":{"self":[{"href":"http:\/\/www.editionlempfer.de\/index.php?rest_route=\/wp\/v2\/product\/983"}],"collection":[{"href":"http:\/\/www.editionlempfer.de\/index.php?rest_route=\/wp\/v2\/product"}],"about":[{"href":"http:\/\/www.editionlempfer.de\/index.php?rest_route=\/wp\/v2\/types\/product"}],"replies":[{"embeddable":true,"href":"http:\/\/www.editionlempfer.de\/index.php?rest_route=%2Fwp%2Fv2%2Fcomments&post=983"}],"wp:featuredmedia":[{"embeddable":true,"href":"http:\/\/www.editionlempfer.de\/index.php?rest_route=\/wp\/v2\/media\/993"}],"wp:attachment":[{"href":"http:\/\/www.editionlempfer.de\/index.php?rest_route=%2Fwp%2Fv2%2Fmedia&parent=983"}],"wp:term":[{"taxonomy":"product_cat","embeddable":true,"href":"http:\/\/www.editionlempfer.de\/index.php?rest_route=%2Fwp%2Fv2%2Fproduct_cat&post=983"},{"taxonomy":"product_tag","embeddable":true,"href":"http:\/\/www.editionlempfer.de\/index.php?rest_route=%2Fwp%2Fv2%2Fproduct_tag&post=983"}],"curies":[{"name":"wp","href":"https:\/\/api.w.org\/{rel}","templated":true}]}}